{"id":65,"date":"2023-04-26T15:28:40","date_gmt":"2023-04-26T13:28:40","guid":{"rendered":"https:\/\/ses-penyes-rotges-golf.com\/?page_id=65"},"modified":"2023-09-11T22:59:56","modified_gmt":"2023-09-11T20:59:56","slug":"startseite","status":"publish","type":"page","link":"https:\/\/ses-penyes-rotges-golf.com\/de\/","title":{"rendered":"Startseite"},"content":{"rendered":"<section id=\"start__hero\" class=\"bde-section-65-100 bde-section\">\n              \n  \n\t\n\n  <div class=\"section-background-overlay\"><\/div>\n\n\n<div class=\"section-container\"><h1 class=\"bde-heading-65-102 bde-heading translation-block\" data-parallax=\"true\">Willkommen bei <br>Ses Penyes Rotges Golf<\/h1><\/div>\n<\/section><section class=\"bde-section-65-103 bde-section\">\n  \n\t\n\n\n\n<div class=\"section-container\"><div class=\"bde-text-65-104 bde-text\">\nDie mediterrane Apartmentanlage \u201eSes Penyes Rotges Golf\u201c in Nova Santa Ponsa im S\u00fcdwesten Mallorcas liegt direkt am Golfplatz und nur ca. 500 m Luftlinie vom modernen Yachthafen \u201ePort Adriano\u201c und seinem Sandstrand entfernt. Bei der in typisch mediterraner Architektur gestalteten Anlage Ses Penyes handelt es sich bei Rotges Golf um eine geschlossene Wohnanlage. Die Apartmentanlage besteht aus 10 Geb\u00e4uden und 20 Chalets, die sich um zwei Poolbereiche und einen Innenpool gruppieren. Die Apartments und Penth\u00e4user der Wohnanlage bieten Aussicht Der mediterrane Garten mit dem gro\u00dfen Poolbereich, wobei die Chalets auch \u00fcber private Pools verf\u00fcgen. Alle Apartments in Ses Penyes Rotges Golf sind nach S\u00fcden ausgerichtet. Das B\u00fcro der Haussicherheit befindet sich am Haupteingang.\n<\/div><\/div>\n<\/section>","protected":false},"excerpt":{"rendered":"<p>Welcome to Ses Penyes Rotges Golf The Mediterranean apartment complex &#8220;Ses Penyes Rotges Golf&#8221; in Nova Santa Ponsa in the southwest of Mallorca is located directly on the golf course and only about 500 m as the crow flies from the modern marina &#8220;Port Adriano&#8221; and its sandy beach. In the Ses Penyes complex, designed [&hellip;]<\/p>","protected":false},"author":1,"featured_media":0,"parent":0,"menu_order":0,"comment_status":"closed","ping_status":"closed","template":"","meta":{"_breakdance_hide_in_design_set":false,"_breakdance_tags":"","footnotes":""},"class_list":["post-65","page","type-page","status-publish","hentry"],"acf":[],"yoast_head":"<!-- This site is optimized with the Yoast SEO plugin v20.12 - https:\/\/yoast.com\/wordpress\/plugins\/seo\/ -->\n<title>Ses Penyes Rotges Golf - Residential Complex Santa Ponsa<\/title>\n<meta name=\"description\" content=\"The Mediterranean apartment complex &quot;Ses Penyes Rotges Golf&quot; is located in Avenida Ca&#039;n Vairet 2, 07180 Nova Santa Ponsa Mallorca .\" \/>\n<meta name=\"robots\" content=\"index, follow, max-snippet:-1, max-image-preview:large, max-video-preview:-1\" \/>\n<link rel=\"canonical\" href=\"https:\/\/ses-penyes-rotges-golf.com\/de\/\" \/>\n<meta property=\"og:locale\" content=\"de_DE\" \/>\n<meta property=\"og:type\" content=\"article\" \/>\n<meta property=\"og:title\" content=\"Ses Penyes Rotges Golf - Residential Complex Santa Ponsa\" \/>\n<meta property=\"og:description\" content=\"The Mediterranean apartment complex &quot;Ses Penyes Rotges Golf&quot; is located in Avenida Ca&#039;n Vairet 2, 07180 Nova Santa Ponsa Mallorca .\" \/>\n<meta property=\"og:url\" content=\"https:\/\/ses-penyes-rotges-golf.com\/de\/\" \/>\n<meta property=\"og:site_name\" content=\"Ses Penyes Rotges Golf\" \/>\n<meta property=\"article:modified_time\" content=\"2023-09-11T20:59:56+00:00\" \/>\n<meta name=\"twitter:card\" content=\"summary_large_image\" \/>\n<script type=\"application\/ld+json\" class=\"yoast-schema-graph\">{\"@context\":\"https:\/\/schema.org\",\"@graph\":[{\"@type\":\"WebPage\",\"@id\":\"https:\/\/ses-penyes-rotges-golf.com\/\",\"url\":\"https:\/\/ses-penyes-rotges-golf.com\/\",\"name\":\"Ses Penyes Rotges Golf - Residential Complex Santa Ponsa\",\"isPartOf\":{\"@id\":\"https:\/\/ses-penyes-rotges-golf.com\/#website\"},\"datePublished\":\"2023-04-26T13:28:40+00:00\",\"dateModified\":\"2023-09-11T20:59:56+00:00\",\"description\":\"The Mediterranean apartment complex \\\"Ses Penyes Rotges Golf\\\" is located in Avenida Ca'n Vairet 2, 07180 Nova Santa Ponsa Mallorca .\",\"breadcrumb\":{\"@id\":\"https:\/\/ses-penyes-rotges-golf.com\/#breadcrumb\"},\"inLanguage\":\"de\",\"potentialAction\":[{\"@type\":\"ReadAction\",\"target\":[\"https:\/\/ses-penyes-rotges-golf.com\/\"]}]},{\"@type\":\"BreadcrumbList\",\"@id\":\"https:\/\/ses-penyes-rotges-golf.com\/#breadcrumb\",\"itemListElement\":[{\"@type\":\"ListItem\",\"position\":1,\"name\":\"Startseite\",\"item\":\"https:\/\/ses-penyes-rotges-golf.com\/\"},{\"@type\":\"ListItem\",\"position\":2,\"name\":\"Startseite\"}]},{\"@type\":\"WebSite\",\"@id\":\"https:\/\/ses-penyes-rotges-golf.com\/#website\",\"url\":\"https:\/\/ses-penyes-rotges-golf.com\/\",\"name\":\"Ses Penyes Rotges Golf\",\"description\":\"Welcome to the residential complex\",\"publisher\":{\"@id\":\"https:\/\/ses-penyes-rotges-golf.com\/#organization\"},\"potentialAction\":[{\"@type\":\"SearchAction\",\"target\":{\"@type\":\"EntryPoint\",\"urlTemplate\":\"https:\/\/ses-penyes-rotges-golf.com\/?s={search_term_string}\"},\"query-input\":\"required name=search_term_string\"}],\"inLanguage\":\"de\"},{\"@type\":\"Organization\",\"@id\":\"https:\/\/ses-penyes-rotges-golf.com\/#organization\",\"name\":\"Ses Penyes Rotges Golf\",\"url\":\"https:\/\/ses-penyes-rotges-golf.com\/\",\"logo\":{\"@type\":\"ImageObject\",\"inLanguage\":\"de\",\"@id\":\"https:\/\/ses-penyes-rotges-golf.com\/#\/schema\/logo\/image\/\",\"url\":\"https:\/\/ses-penyes-rotges-golf.com\/wp-content\/uploads\/2023\/02\/0A1-SES-PENYES-ROTGES-GOLF-SANTA-PONSA-scaled-1.jpg\",\"contentUrl\":\"https:\/\/ses-penyes-rotges-golf.com\/wp-content\/uploads\/2023\/02\/0A1-SES-PENYES-ROTGES-GOLF-SANTA-PONSA-scaled-1.jpg\",\"width\":2560,\"height\":1707,\"caption\":\"Ses Penyes Rotges Golf\"},\"image\":{\"@id\":\"https:\/\/ses-penyes-rotges-golf.com\/#\/schema\/logo\/image\/\"}}]}<\/script>\n<!-- \/ Yoast SEO plugin. -->","yoast_head_json":{"title":"Ses Penyes Rotges Golf - Residential Complex Santa Ponsa","description":"The Mediterranean apartment complex \"Ses Penyes Rotges Golf\" is located in Avenida Ca'n Vairet 2, 07180 Nova Santa Ponsa Mallorca .","robots":{"index":"index","follow":"follow","max-snippet":"max-snippet:-1","max-image-preview":"max-image-preview:large","max-video-preview":"max-video-preview:-1"},"canonical":"https:\/\/ses-penyes-rotges-golf.com\/de\/","og_locale":"de_DE","og_type":"article","og_title":"Ses Penyes Rotges Golf - Residential Complex Santa Ponsa","og_description":"The Mediterranean apartment complex \"Ses Penyes Rotges Golf\" is located in Avenida Ca'n Vairet 2, 07180 Nova Santa Ponsa Mallorca .","og_url":"https:\/\/ses-penyes-rotges-golf.com\/de\/","og_site_name":"Ses Penyes Rotges Golf","article_modified_time":"2023-09-11T20:59:56+00:00","twitter_card":"summary_large_image","schema":{"@context":"https:\/\/schema.org","@graph":[{"@type":"WebPage","@id":"https:\/\/ses-penyes-rotges-golf.com\/","url":"https:\/\/ses-penyes-rotges-golf.com\/","name":"Ses Penyes Rotges Golf - Residential Complex Santa Ponsa","isPartOf":{"@id":"https:\/\/ses-penyes-rotges-golf.com\/#website"},"datePublished":"2023-04-26T13:28:40+00:00","dateModified":"2023-09-11T20:59:56+00:00","description":"The Mediterranean apartment complex \"Ses Penyes Rotges Golf\" is located in Avenida Ca'n Vairet 2, 07180 Nova Santa Ponsa Mallorca .","breadcrumb":{"@id":"https:\/\/ses-penyes-rotges-golf.com\/#breadcrumb"},"inLanguage":"de","potentialAction":[{"@type":"ReadAction","target":["https:\/\/ses-penyes-rotges-golf.com\/"]}]},{"@type":"BreadcrumbList","@id":"https:\/\/ses-penyes-rotges-golf.com\/#breadcrumb","itemListElement":[{"@type":"ListItem","position":1,"name":"Startseite","item":"https:\/\/ses-penyes-rotges-golf.com\/"},{"@type":"ListItem","position":2,"name":"Startseite"}]},{"@type":"WebSite","@id":"https:\/\/ses-penyes-rotges-golf.com\/#website","url":"https:\/\/ses-penyes-rotges-golf.com\/","name":"Ses Penyes Rotges Golf","description":"Welcome to the residential complex","publisher":{"@id":"https:\/\/ses-penyes-rotges-golf.com\/#organization"},"potentialAction":[{"@type":"SearchAction","target":{"@type":"EntryPoint","urlTemplate":"https:\/\/ses-penyes-rotges-golf.com\/?s={search_term_string}"},"query-input":"required name=search_term_string"}],"inLanguage":"de"},{"@type":"Organization","@id":"https:\/\/ses-penyes-rotges-golf.com\/#organization","name":"Ses Penyes Rotges Golf","url":"https:\/\/ses-penyes-rotges-golf.com\/","logo":{"@type":"ImageObject","inLanguage":"de","@id":"https:\/\/ses-penyes-rotges-golf.com\/#\/schema\/logo\/image\/","url":"https:\/\/ses-penyes-rotges-golf.com\/wp-content\/uploads\/2023\/02\/0A1-SES-PENYES-ROTGES-GOLF-SANTA-PONSA-scaled-1.jpg","contentUrl":"https:\/\/ses-penyes-rotges-golf.com\/wp-content\/uploads\/2023\/02\/0A1-SES-PENYES-ROTGES-GOLF-SANTA-PONSA-scaled-1.jpg","width":2560,"height":1707,"caption":"Ses Penyes Rotges Golf"},"image":{"@id":"https:\/\/ses-penyes-rotges-golf.com\/#\/schema\/logo\/image\/"}}]}},"_links":{"self":[{"href":"https:\/\/ses-penyes-rotges-golf.com\/de\/wp-json\/wp\/v2\/pages\/65","targetHints":{"allow":["GET"]}}],"collection":[{"href":"https:\/\/ses-penyes-rotges-golf.com\/de\/wp-json\/wp\/v2\/pages"}],"about":[{"href":"https:\/\/ses-penyes-rotges-golf.com\/de\/wp-json\/wp\/v2\/types\/page"}],"author":[{"embeddable":true,"href":"https:\/\/ses-penyes-rotges-golf.com\/de\/wp-json\/wp\/v2\/users\/1"}],"replies":[{"embeddable":true,"href":"https:\/\/ses-penyes-rotges-golf.com\/de\/wp-json\/wp\/v2\/comments?post=65"}],"version-history":[{"count":65,"href":"https:\/\/ses-penyes-rotges-golf.com\/de\/wp-json\/wp\/v2\/pages\/65\/revisions"}],"predecessor-version":[{"id":449,"href":"https:\/\/ses-penyes-rotges-golf.com\/de\/wp-json\/wp\/v2\/pages\/65\/revisions\/449"}],"wp:attachment":[{"href":"https:\/\/ses-penyes-rotges-golf.com\/de\/wp-json\/wp\/v2\/media?parent=65"}],"curies":[{"name":"wp","href":"https:\/\/api.w.org\/{rel}","templated":true}]}}